{"id":9,"date":"2020-11-24T11:49:33","date_gmt":"2020-11-24T11:49:33","guid":{"rendered":"http:\/\/pflegeconsult.de\/?page_id=9"},"modified":"2021-11-12T10:31:05","modified_gmt":"2021-11-12T10:31:05","slug":"ueber-mich","status":"publish","type":"page","link":"https:\/\/pflegeconsult.de\/?page_id=9","title":{"rendered":"\u00dcber mich"},"content":{"rendered":"\n<p>Pflege- und hilfebed\u00fcrftig zu sein, ist eine existenzielle menschliche Erfahrung. Am Anfang unseres Lebens war jeder von uns &#8222;pflegebed\u00fcrftig&#8220;, sp\u00e4testens am Ende unseres Lebens werden wir es (fast) alle wieder sein. <\/p>\n\n\n\n<p>Mich hat das gro\u00dfe Thema Pflege nie losgelassen. Bereits als Jugendlicher war es f\u00fcr mich  (wie f\u00fcr meine Eltern und Geschwister) selbstverst\u00e4ndlich, meine im selben Haushalt lebende Gru\u00dfmutter zu unterst\u00fctzen. Mein Zivildienst, den ich mit Engagement und gro\u00dfer innerer Befriedigung in einem Krankenhaus abgeleistet habe, hat mich dann auf den Gedanken gebracht, eine Krankenpflegeausbildung zu machen (obwohl ich eigentlich auf einem anderen &#8222;Gleis&#8220; unterwegs war, denn ich hatte in Hamburg ein sozialwissenschaftliches Studium begonnen). <\/p>\n\n\n\n<p>Heute bin ich Professor f\u00fcr Pflegemanagement, insbesondere Pflegeberatung an der <a href=\"https:\/\/www.apollon-hochschule.de\/lehre-forschung\/apollon-dekanat\/professoren\/prof-dr-joerg-hallensleben\/\">APOLLON Hochschule<\/a> in Bremen. Viele Jahre habe ich in der direkten Pflege gearbeitet, seit zwanzig Jahren berate ich Einzelpersonen und Pflegeeinrichtungen. <\/p>\n\n\n\n<p>Inzwischen bin ich schon \u00fcber 60 Jahre alt. Mein pers\u00f6nlicher Bezug zur Pflege ist heute, wie Sie sich denken k\u00f6nnen, noch ausgepr\u00e4gter als in meinen &#8222;jungen&#8220; Jahren. Die Pflege zu verbessern,  treibt mich heute mehr um denn je.<\/p>\n\n\n\n<div class=\"wp-block-group\"><div class=\"wp-block-group__inner-container is-layout-flow wp-block-group-is-layout-flow\">\n<figure class=\"wp-block-gallery columns-3 is-cropped wp-block-gallery-1 is-layout-flex wp-block-gallery-is-layout-flex\"><ul class=\"blocks-gallery-grid\"><li class=\"blocks-gallery-item\"><figure><img decoding=\"async\" loading=\"lazy\" width=\"826\" height=\"756\" src=\"http:\/\/pflegeconsult.de\/wp-content\/uploads\/2021\/11\/20200601_172907-3.jpg\" alt=\"\" data-id=\"46\" data-full-url=\"http:\/\/pflegeconsult.de\/wp-content\/uploads\/2021\/11\/20200601_172907-3.jpg\" data-link=\"http:\/\/pflegeconsult.de\/?attachment_id=46\" class=\"wp-image-46\" srcset=\"https:\/\/pflegeconsult.de\/wp-content\/uploads\/2021\/11\/20200601_172907-3.jpg 826w, https:\/\/pflegeconsult.de\/wp-content\/uploads\/2021\/11\/20200601_172907-3-300x275.jpg 300w, https:\/\/pflegeconsult.de\/wp-content\/uploads\/2021\/11\/20200601_172907-3-768x703.jpg 768w\" sizes=\"(max-width: 767px) 89vw, (max-width: 1000px) 54vw, (max-width: 1071px) 543px, 580px\" \/><\/figure><\/li><li class=\"blocks-gallery-item\"><figure><img decoding=\"async\" loading=\"lazy\" width=\"447\" height=\"525\" src=\"http:\/\/pflegeconsult.de\/wp-content\/uploads\/2021\/11\/Pflegedienst2-2.jpg\" alt=\"\" data-id=\"48\" data-full-url=\"http:\/\/pflegeconsult.de\/wp-content\/uploads\/2021\/11\/Pflegedienst2-2.jpg\" data-link=\"http:\/\/pflegeconsult.de\/?attachment_id=48\" class=\"wp-image-48\" srcset=\"https:\/\/pflegeconsult.de\/wp-content\/uploads\/2021\/11\/Pflegedienst2-2.jpg 447w, https:\/\/pflegeconsult.de\/wp-content\/uploads\/2021\/11\/Pflegedienst2-2-255x300.jpg 255w\" sizes=\"(max-width: 447px) 100vw, 447px\" \/><\/figure><\/li><li class=\"blocks-gallery-item\"><figure><img decoding=\"async\" loading=\"lazy\" width=\"399\" height=\"431\" src=\"http:\/\/pflegeconsult.de\/wp-content\/uploads\/2021\/11\/2019-Team-Deichhorst-2.png\" alt=\"\" data-id=\"54\" data-full-url=\"http:\/\/pflegeconsult.de\/wp-content\/uploads\/2021\/11\/2019-Team-Deichhorst-2.png\" data-link=\"http:\/\/pflegeconsult.de\/?attachment_id=54\" class=\"wp-image-54\" srcset=\"https:\/\/pflegeconsult.de\/wp-content\/uploads\/2021\/11\/2019-Team-Deichhorst-2.png 399w, https:\/\/pflegeconsult.de\/wp-content\/uploads\/2021\/11\/2019-Team-Deichhorst-2-278x300.png 278w\" sizes=\"(max-width: 399px) 100vw, 399px\" \/><\/figure><\/li><\/ul><\/figure>\n\n\n\n<div class=\"wp-block-group\"><div class=\"wp-block-group__inner-container is-layout-flow wp-block-group-is-layout-flow\">\n<figure class=\"wp-block-gallery columns-0 is-cropped wp-block-gallery-3 is-layout-flex wp-block-gallery-is-layout-flex\"><ul class=\"blocks-gallery-grid\"><\/ul><\/figure>\n<\/div><\/div>\n<\/div><\/div>\n\n\n\n<p><\/p>\n","protected":false},"excerpt":{"rendered":"<p>Pflege- und hilfebed\u00fcrftig zu sein, ist eine existenzielle menschliche Erfahrung. Am Anfang unseres Lebens war jeder von uns &#8222;pflegebed\u00fcrftig&#8220;, sp\u00e4testens am Ende unseres Lebens werden wir es (fast) alle wieder sein. Mich hat das gro\u00dfe Thema Pflege nie losgelassen. Bereits als Jugendlicher war es f\u00fcr mich (wie f\u00fcr meine Eltern und Geschwister) selbstverst\u00e4ndlich, meine im &hellip; <\/p>\n<p class=\"link-more\"><a href=\"https:\/\/pflegeconsult.de\/?page_id=9\" class=\"more-link\"><span class=\"screen-reader-text\">\u201e\u00dcber mich\u201c<\/span> weiterlesen<\/a><\/p>\n","protected":false},"author":1,"featured_media":0,"parent":0,"menu_order":0,"comment_status":"closed","ping_status":"closed","template":"","meta":{"footnotes":""},"_links":{"self":[{"href":"https:\/\/pflegeconsult.de\/index.php?rest_route=\/wp\/v2\/pages\/9"}],"collection":[{"href":"https:\/\/pflegeconsult.de\/index.php?rest_route=\/wp\/v2\/pages"}],"about":[{"href":"https:\/\/pflegeconsult.de\/index.php?rest_route=\/wp\/v2\/types\/page"}],"author":[{"embeddable":true,"href":"https:\/\/pflegeconsult.de\/index.php?rest_route=\/wp\/v2\/users\/1"}],"replies":[{"embeddable":true,"href":"https:\/\/pflegeconsult.de\/index.php?rest_route=%2Fwp%2Fv2%2Fcomments&post=9"}],"version-history":[{"count":6,"href":"https:\/\/pflegeconsult.de\/index.php?rest_route=\/wp\/v2\/pages\/9\/revisions"}],"predecessor-version":[{"id":55,"href":"https:\/\/pflegeconsult.de\/index.php?rest_route=\/wp\/v2\/pages\/9\/revisions\/55"}],"wp:attachment":[{"href":"https:\/\/pflegeconsult.de\/index.php?rest_route=%2Fwp%2Fv2%2Fmedia&parent=9"}],"curies":[{"name":"wp","href":"https:\/\/api.w.org\/{rel}","templated":true}]}}