{"id":2,"date":"2016-05-10T03:48:21","date_gmt":"2016-05-10T03:48:21","guid":{"rendered":"http:\/\/pflegeconsult.de\/?page_id=2"},"modified":"2021-11-12T10:11:57","modified_gmt":"2021-11-12T10:11:57","slug":"sample-page","status":"publish","type":"page","link":"http:\/\/pflegeconsult.de\/?page_id=2","title":{"rendered":"Was kann ich f\u00fcr Sie tun?"},"content":{"rendered":"<p>Sch\u00f6n, dass Sie Ihr Weg hierher gef\u00fchrt hat.<\/p>\n<p>Sie sind selbst von Pflegebed\u00fcrftigkeit betroffen und suchen jemanden, mit dem Sie \u00fcber ihre individuelle Situation sprechen k\u00f6nnen?<\/p>\n<p>Sie sind Betreiber (mindestens) einer Pflegeeinrichtung und m\u00f6chten Ihre Einrichtung(en) konzeptionell weiterentwickeln?<\/p>\n<p>&#8230; dann bin ich vielleicht genau der Richtige f\u00fcr Ihr Anliegen .<\/p>\n\n\n<p><\/p>\n\n\n\n<div class=\"wp-block-group\"><div class=\"wp-block-group__inner-container is-layout-flow wp-block-group-is-layout-flow\">\n<figure class=\"wp-block-gallery columns-1 is-cropped wp-block-gallery-1 is-layout-flex wp-block-gallery-is-layout-flex\"><ul class=\"blocks-gallery-grid\"><li class=\"blocks-gallery-item\"><figure><img decoding=\"async\" loading=\"lazy\" width=\"683\" height=\"1024\" src=\"http:\/\/pflegeconsult.de\/wp-content\/uploads\/2021\/11\/1Joerg-Beruf-1-683x1024.jpg\" alt=\"\" data-id=\"30\" data-link=\"http:\/\/pflegeconsult.de\/?attachment_id=30\" class=\"wp-image-30\" srcset=\"http:\/\/pflegeconsult.de\/wp-content\/uploads\/2021\/11\/1Joerg-Beruf-1-683x1024.jpg 683w, http:\/\/pflegeconsult.de\/wp-content\/uploads\/2021\/11\/1Joerg-Beruf-1-200x300.jpg 200w, http:\/\/pflegeconsult.de\/wp-content\/uploads\/2021\/11\/1Joerg-Beruf-1-768x1152.jpg 768w, http:\/\/pflegeconsult.de\/wp-content\/uploads\/2021\/11\/1Joerg-Beruf-1-1024x1536.jpg 1024w, http:\/\/pflegeconsult.de\/wp-content\/uploads\/2021\/11\/1Joerg-Beruf-1-1365x2048.jpg 1365w, http:\/\/pflegeconsult.de\/wp-content\/uploads\/2021\/11\/1Joerg-Beruf-1-scaled.jpg 1707w\" sizes=\"(max-width: 683px) 100vw, 683px\" \/><\/figure><\/li><\/ul><\/figure>\n<\/div><\/div>\n\n\n\n<p><\/p>\n","protected":false},"excerpt":{"rendered":"<p>Sch\u00f6n, dass Sie Ihr Weg hierher gef\u00fchrt hat. Sie sind selbst von Pflegebed\u00fcrftigkeit betroffen und suchen jemanden, mit dem Sie \u00fcber ihre individuelle Situation sprechen k\u00f6nnen? Sie sind Betreiber (mindestens) einer Pflegeeinrichtung und m\u00f6chten Ihre Einrichtung(en) konzeptionell weiterentwickeln? &#8230; dann bin ich vielleicht genau der Richtige f\u00fcr Ihr Anliegen .<\/p>\n","protected":false},"author":1,"featured_media":0,"parent":0,"menu_order":0,"comment_status":"closed","ping_status":"open","template":"","meta":{"footnotes":""},"_links":{"self":[{"href":"http:\/\/pflegeconsult.de\/index.php?rest_route=\/wp\/v2\/pages\/2"}],"collection":[{"href":"http:\/\/pflegeconsult.de\/index.php?rest_route=\/wp\/v2\/pages"}],"about":[{"href":"http:\/\/pflegeconsult.de\/index.php?rest_route=\/wp\/v2\/types\/page"}],"author":[{"embeddable":true,"href":"http:\/\/pflegeconsult.de\/index.php?rest_route=\/wp\/v2\/users\/1"}],"replies":[{"embeddable":true,"href":"http:\/\/pflegeconsult.de\/index.php?rest_route=%2Fwp%2Fv2%2Fcomments&post=2"}],"version-history":[{"count":6,"href":"http:\/\/pflegeconsult.de\/index.php?rest_route=\/wp\/v2\/pages\/2\/revisions"}],"predecessor-version":[{"id":52,"href":"http:\/\/pflegeconsult.de\/index.php?rest_route=\/wp\/v2\/pages\/2\/revisions\/52"}],"wp:attachment":[{"href":"http:\/\/pflegeconsult.de\/index.php?rest_route=%2Fwp%2Fv2%2Fmedia&parent=2"}],"curies":[{"name":"wp","href":"https:\/\/api.w.org\/{rel}","templated":true}]}}